{"id":14,"date":"2023-10-26T09:02:54","date_gmt":"2023-10-26T09:02:54","guid":{"rendered":"https:\/\/mobilny-serwis.eu\/?page_id=14"},"modified":"2024-10-31T08:38:18","modified_gmt":"2024-10-31T08:38:18","slug":"strona-glowna","status":"publish","type":"page","link":"https:\/\/mobilny-serwis.eu\/","title":{"rendered":"Strona g\u0142\u00f3wna"},"content":{"rendered":"<p>[et_pb_section fb_built=&#8221;1&#8243; _builder_version=&#8221;4.23&#8243; _module_preset=&#8221;default&#8221; background_color=&#8221;#e0e0e0&#8243; custom_padding=&#8221;3px||0px|||&#8221; global_colors_info=&#8221;{}&#8221;][et_pb_row column_structure=&#8221;1_2,1_4,1_4&#8243; _builder_version=&#8221;4.23&#8243; _module_preset=&#8221;default&#8221; custom_padding=&#8221;5px||17px|||&#8221; global_colors_info=&#8221;{}&#8221;][et_pb_column type=&#8221;1_2&#8243; _builder_version=&#8221;4.23&#8243; _module_preset=&#8221;default&#8221; global_colors_info=&#8221;{}&#8221;][et_pb_text _builder_version=&#8221;4.23&#8243; _module_preset=&#8221;default&#8221; custom_padding=&#8221;28px|||||&#8221; global_colors_info=&#8221;{}&#8221;]<\/p>\n<h2><span style=\"color: #fe7f00;\"><strong>MOBILNY SERWIS TIR<\/strong><\/span><\/h2>\n<h2><span style=\"color: #000000;\"><strong> Szwecja Norwegia Dania Finlandia<\/strong><\/span><\/h2>\n<p>[\/et_pb_text][\/et_pb_column][et_pb_column type=&#8221;1_4&#8243; _builder_version=&#8221;4.23&#8243; _module_preset=&#8221;default&#8221; global_colors_info=&#8221;{}&#8221;][et_pb_button button_url=&#8221;tel:+48512920861&#8243; button_text=&#8221;Tel: 512 920 861&#8243; _builder_version=&#8221;4.23&#8243; _module_preset=&#8221;default&#8221; custom_button=&#8221;on&#8221; button_text_size=&#8221;20px&#8221; button_text_color=&#8221;#FFFFFF&#8221; button_bg_color=&#8221;#fe7f00&#8243; button_border_width=&#8221;0px&#8221; button_font=&#8221;|600|||||||&#8221; custom_margin=&#8221;18px|||||&#8221; custom_padding=&#8221;5px|||||&#8221; box_shadow_style=&#8221;preset1&#8243; global_colors_info=&#8221;{}&#8221;][\/et_pb_button][\/et_pb_column][et_pb_column type=&#8221;1_4&#8243; _builder_version=&#8221;4.23&#8243; _module_preset=&#8221;default&#8221; global_colors_info=&#8221;{}&#8221;][et_pb_button button_url=&#8221;tel:+48797677399&#8243; button_text=&#8221;Tel: 797 677 399&#8243; _builder_version=&#8221;4.23&#8243; _module_preset=&#8221;default&#8221; custom_button=&#8221;on&#8221; button_text_size=&#8221;20px&#8221; button_text_color=&#8221;#FFFFFF&#8221; button_bg_color=&#8221;#fe7f00&#8243; button_border_width=&#8221;0px&#8221; button_font=&#8221;|600|||||||&#8221; custom_margin=&#8221;19px|||||&#8221; custom_padding=&#8221;4px|||||&#8221; box_shadow_style=&#8221;preset1&#8243; global_colors_info=&#8221;{}&#8221;][\/et_pb_button][\/et_pb_column][\/et_pb_row][\/et_pb_section][et_pb_section fb_built=&#8221;1&#8243; _builder_version=&#8221;4.23&#8243; _module_preset=&#8221;default&#8221; background_color=&#8221;#f3f3f3&#8243; background_enable_mask_style=&#8221;on&#8221; background_mask_style=&#8221;diagonal-bars&#8221; custom_padding=&#8221;0px||0px|||&#8221; global_colors_info=&#8221;{}&#8221;][et_pb_row column_structure=&#8221;1_2,1_2&#8243; _builder_version=&#8221;4.23&#8243; _module_preset=&#8221;default&#8221; global_colors_info=&#8221;{}&#8221;][et_pb_column type=&#8221;1_2&#8243; _builder_version=&#8221;4.23&#8243; _module_preset=&#8221;default&#8221; global_colors_info=&#8221;{}&#8221;][et_pb_image src=&#8221;https:\/\/mobilny-serwis.eu\/wp-content\/uploads\/2023\/10\/IMG-20231018-WA0034.jpg&#8221; alt=&#8221;mobilny serwis TIR 24h&#8221; _builder_version=&#8221;4.23&#8243; _module_preset=&#8221;default&#8221; box_shadow_style=&#8221;preset1&#8243; global_colors_info=&#8221;{}&#8221;][\/et_pb_image][\/et_pb_column][et_pb_column type=&#8221;1_2&#8243; _builder_version=&#8221;4.23&#8243; _module_preset=&#8221;default&#8221; global_colors_info=&#8221;{}&#8221;][et_pb_text _builder_version=&#8221;4.23&#8243; _module_preset=&#8221;default&#8221; global_colors_info=&#8221;{}&#8221;]<\/p>\n<p><span style=\"font-size: large;\">Jeste\u015bmy profesjonaln\u0105 firm\u0105 specjalizuj\u0105c\u0105 si\u0119 w kompleksowych naprawach ci\u0119\u017car\u00f3wek na drodze.<\/span><\/p>\n<p><span style=\"font-size: large;\">Nasza misja to zapewni\u0107 kierowcom i w\u0142a\u015bcicielom ci\u0119\u017car\u00f3wek niezawodne i wysoce profesjonalne us\u0142ugi serwisowe, kt\u00f3re pomog\u0105 utrzyma\u0107 ich pojazdy w doskona\u0142ym stanie technicznym, bez wzgl\u0119du na miejsce, w kt\u00f3rym ich potrzebujesz.<\/span><\/p>\n<p>[\/et_pb_text][et_pb_text _builder_version=&#8221;4.23&#8243; _module_preset=&#8221;default&#8221; global_colors_info=&#8221;{}&#8221;]<\/p>\n<p style=\"text-align: center;\"><span style=\"font-size: x-large;\"><strong>Doje\u017cd\u017camy do awarii na terenie ca\u0142ej Europy &#8211; czekamy na telefon i ruszamy!<\/strong><\/span><\/p>\n<p style=\"text-align: center;\"><span style=\"font-size: x-large;\"><strong>Mobilny serwis TIR <\/strong><\/span><\/p>\n<p style=\"text-align: center;\"><span style=\"font-size: x-large; color: #fe7f00;\"><strong>Szwecja Norwegia Dania Finlandia<\/strong><\/span><\/p>\n<p>[\/et_pb_text][\/et_pb_column][\/et_pb_row][\/et_pb_section][et_pb_section fb_built=&#8221;1&#8243; _builder_version=&#8221;4.23&#8243; _module_preset=&#8221;default&#8221; background_color=&#8221;#f3f3f3&#8243; custom_padding=&#8221;8px||26px|||&#8221; box_shadow_style=&#8221;preset1&#8243; global_colors_info=&#8221;{}&#8221;][et_pb_row column_structure=&#8221;1_4,1_4,1_4,1_4&#8243; _builder_version=&#8221;4.23&#8243; _module_preset=&#8221;default&#8221; global_colors_info=&#8221;{}&#8221;][et_pb_column type=&#8221;1_4&#8243; _builder_version=&#8221;4.23&#8243; _module_preset=&#8221;default&#8221; global_colors_info=&#8221;{}&#8221;][et_pb_icon font_icon=&#8221;&#x5a;||divi||400&#8243; icon_color=&#8221;#fe7f00&#8243; icon_width=&#8221;55px&#8221; _builder_version=&#8221;4.23&#8243; _module_preset=&#8221;default&#8221; custom_margin=&#8221;||6px|||&#8221; global_colors_info=&#8221;{}&#8221;][\/et_pb_icon][et_pb_text _builder_version=&#8221;4.23&#8243; _module_preset=&#8221;default&#8221; global_colors_info=&#8221;{}&#8221;]<\/p>\n<h2 style=\"text-align: center;\"><strong>Naprawy skrzy\u0144 bieg\u00f3w<\/strong><\/h2>\n<p>[\/et_pb_text][\/et_pb_column][et_pb_column type=&#8221;1_4&#8243; _builder_version=&#8221;4.23&#8243; _module_preset=&#8221;default&#8221; global_colors_info=&#8221;{}&#8221;][et_pb_icon font_icon=&#8221;&#x5a;||divi||400&#8243; icon_color=&#8221;#fe7f00&#8243; icon_width=&#8221;55px&#8221; _builder_version=&#8221;4.23&#8243; _module_preset=&#8221;default&#8221; custom_margin=&#8221;||6px|||&#8221; global_colors_info=&#8221;{}&#8221;][\/et_pb_icon][et_pb_text _builder_version=&#8221;4.23&#8243; _module_preset=&#8221;default&#8221; global_colors_info=&#8221;{}&#8221;]<\/p>\n<h2 style=\"text-align: center;\"><strong>Wymiana turbospr\u0119\u017carek<\/strong><\/h2>\n<p>[\/et_pb_text][\/et_pb_column][et_pb_column type=&#8221;1_4&#8243; _builder_version=&#8221;4.23&#8243; _module_preset=&#8221;default&#8221; global_colors_info=&#8221;{}&#8221;][et_pb_icon font_icon=&#8221;&#x5a;||divi||400&#8243; icon_color=&#8221;#fe7f00&#8243; icon_width=&#8221;55px&#8221; _builder_version=&#8221;4.23&#8243; _module_preset=&#8221;default&#8221; custom_margin=&#8221;||6px|||&#8221; global_colors_info=&#8221;{}&#8221;][\/et_pb_icon][et_pb_text _builder_version=&#8221;4.23&#8243; _module_preset=&#8221;default&#8221; global_colors_info=&#8221;{}&#8221;]<\/p>\n<h2 style=\"text-align: center;\"><strong>Naprawy mechaniczne<\/strong><\/h2>\n<p>[\/et_pb_text][\/et_pb_column][et_pb_column type=&#8221;1_4&#8243; _builder_version=&#8221;4.23&#8243; _module_preset=&#8221;default&#8221; global_colors_info=&#8221;{}&#8221;][et_pb_icon font_icon=&#8221;&#x5a;||divi||400&#8243; icon_color=&#8221;#fe7f00&#8243; icon_width=&#8221;55px&#8221; _builder_version=&#8221;4.23&#8243; _module_preset=&#8221;default&#8221; custom_margin=&#8221;||6px|||&#8221; global_colors_info=&#8221;{}&#8221;][\/et_pb_icon][et_pb_text _builder_version=&#8221;4.23&#8243; _module_preset=&#8221;default&#8221; global_colors_info=&#8221;{}&#8221;]<\/p>\n<h2 style=\"text-align: center;\"><strong>Naprawa pneumatyki<\/strong><\/h2>\n<p>[\/et_pb_text][\/et_pb_column][\/et_pb_row][et_pb_row column_structure=&#8221;1_4,1_4,1_4,1_4&#8243; _builder_version=&#8221;4.23&#8243; _module_preset=&#8221;default&#8221; global_colors_info=&#8221;{}&#8221;][et_pb_column type=&#8221;1_4&#8243; _builder_version=&#8221;4.23&#8243; _module_preset=&#8221;default&#8221; global_colors_info=&#8221;{}&#8221;][et_pb_icon font_icon=&#8221;&#xf7d9;||fa||900&#8243; icon_color=&#8221;#000000&#8243; icon_width=&#8221;50px&#8221; _builder_version=&#8221;4.23&#8243; _module_preset=&#8221;default&#8221; custom_margin=&#8221;||9px|||&#8221; global_colors_info=&#8221;{}&#8221;][\/et_pb_icon][et_pb_text _builder_version=&#8221;4.23&#8243; _module_preset=&#8221;default&#8221; global_colors_info=&#8221;{}&#8221;]<\/p>\n<h2 style=\"text-align: center;\"><strong>Naprawa hamulc\u00f3w<\/strong><\/h2>\n<p>[\/et_pb_text][\/et_pb_column][et_pb_column type=&#8221;1_4&#8243; _builder_version=&#8221;4.23&#8243; _module_preset=&#8221;default&#8221; global_colors_info=&#8221;{}&#8221;][et_pb_icon font_icon=&#8221;&#xf7d9;||fa||900&#8243; icon_color=&#8221;#000000&#8243; icon_width=&#8221;50px&#8221; _builder_version=&#8221;4.23&#8243; _module_preset=&#8221;default&#8221; custom_margin=&#8221;||13px|||&#8221; global_colors_info=&#8221;{}&#8221;][\/et_pb_icon][et_pb_text _builder_version=&#8221;4.23&#8243; _module_preset=&#8221;default&#8221; global_colors_info=&#8221;{}&#8221;]<\/p>\n<h2 style=\"text-align: center;\"><strong>Naprawa AdBlue<\/strong><\/h2>\n<p>[\/et_pb_text][\/et_pb_column][et_pb_column type=&#8221;1_4&#8243; _builder_version=&#8221;4.23&#8243; _module_preset=&#8221;default&#8221; global_colors_info=&#8221;{}&#8221;][et_pb_icon font_icon=&#8221;&#xf7d9;||fa||900&#8243; icon_color=&#8221;#000000&#8243; icon_width=&#8221;50px&#8221; _builder_version=&#8221;4.23&#8243; _module_preset=&#8221;default&#8221; custom_margin=&#8221;||13px|||&#8221; global_colors_info=&#8221;{}&#8221;][\/et_pb_icon][et_pb_text _builder_version=&#8221;4.23&#8243; _module_preset=&#8221;default&#8221; global_colors_info=&#8221;{}&#8221;]<\/p>\n<h2 style=\"text-align: center;\"><strong>Wymiany piast<\/strong><\/h2>\n<p>[\/et_pb_text][\/et_pb_column][et_pb_column type=&#8221;1_4&#8243; _builder_version=&#8221;4.23&#8243; _module_preset=&#8221;default&#8221; global_colors_info=&#8221;{}&#8221;][et_pb_icon font_icon=&#8221;&#xf7d9;||fa||900&#8243; icon_color=&#8221;#000000&#8243; icon_width=&#8221;50px&#8221; _builder_version=&#8221;4.23&#8243; _module_preset=&#8221;default&#8221; custom_margin=&#8221;||12px|||&#8221; global_colors_info=&#8221;{}&#8221;][\/et_pb_icon][et_pb_text _builder_version=&#8221;4.23&#8243; _module_preset=&#8221;default&#8221; global_colors_info=&#8221;{}&#8221;]<\/p>\n<h2 style=\"text-align: center;\"><strong>Wymiana sprz\u0119g\u0142a<\/strong><\/h2>\n<p>[\/et_pb_text][\/et_pb_column][\/et_pb_row][\/et_pb_section][et_pb_section fb_built=&#8221;1&#8243; _builder_version=&#8221;4.23&#8243; _module_preset=&#8221;default&#8221; custom_padding=&#8221;10px||15px|||&#8221; global_colors_info=&#8221;{}&#8221;][et_pb_row _builder_version=&#8221;4.23&#8243; _module_preset=&#8221;default&#8221; global_colors_info=&#8221;{}&#8221;][et_pb_column type=&#8221;4_4&#8243; _builder_version=&#8221;4.23&#8243; _module_preset=&#8221;default&#8221; global_colors_info=&#8221;{}&#8221;][et_pb_text _builder_version=&#8221;4.23&#8243; _module_preset=&#8221;default&#8221; global_colors_info=&#8221;{}&#8221;]<\/p>\n<h3 style=\"text-align: center;\">Wybrane zdjecia z napraw na drodze realizowanych przez nasze serwisy mobilne<\/h3>\n<p>[\/et_pb_text][et_pb_gallery gallery_ids=&#8221;63,64,65,66,67,68,69,70,71,72,73,74,75,76,77,78,79,80,81,82,83,84,85,86&#8243; posts_number=&#8221;44&#8243; show_title_and_caption=&#8221;off&#8221; show_pagination=&#8221;off&#8221; _builder_version=&#8221;4.23&#8243; _module_preset=&#8221;default&#8221; border_radii=&#8221;on|5px|5px|5px|5px&#8221; global_colors_info=&#8221;{}&#8221;][\/et_pb_gallery][\/et_pb_column][\/et_pb_row][\/et_pb_section][et_pb_section fb_built=&#8221;1&#8243; _builder_version=&#8221;4.23&#8243; _module_preset=&#8221;default&#8221; global_colors_info=&#8221;{}&#8221;][et_pb_row _builder_version=&#8221;4.23&#8243; _module_preset=&#8221;default&#8221; custom_padding=&#8221;||20px|||&#8221; global_colors_info=&#8221;{}&#8221;][et_pb_column type=&#8221;4_4&#8243; _builder_version=&#8221;4.23&#8243; _module_preset=&#8221;default&#8221; global_colors_info=&#8221;{}&#8221;][et_pb_text _builder_version=&#8221;4.23&#8243; _module_preset=&#8221;default&#8221; custom_margin=&#8221;||-13px|||&#8221; global_colors_info=&#8221;{}&#8221;]<\/p>\n<p><span style=\"font-size: x-large;\"><strong>Dlaczego warto wybra\u0107 nasz Mobilny Serwis TIR?<\/strong><\/span><\/p>\n<ul>\n<li>\n<p><span style=\"font-size: large;\"><strong>Profesjonalizm i Do\u015bwiadczenie<\/strong><em>:<\/em> Nasz zesp\u00f3\u0142 sk\u0142ada si\u0119 z wykwalifikowanych mechanik\u00f3w z wieloletnim do\u015bwiadczeniem w serwisowaniu ci\u0119\u017car\u00f3wek TIR. Jeste\u015bmy specjalistami w naszej bran\u017cy i wiemy, jak naprawi\u0107 i utrzyma\u0107 w doskona\u0142ym stanie technicznym nawet najbardziej zaawansowane pojazdy.<\/span><\/p>\n<\/li>\n<li>\n<p><span style=\"font-size: large;\"><strong>Us\u0142ugi Mobilne<\/strong><em>:<\/em> Oferujemy us\u0142ugi mobilne, co oznacza, \u017ce mo\u017cemy przyjecha\u0107 w dowolne miejsce, w kt\u00f3rym znajduje si\u0119 Tw\u00f3j pojazd. Niezale\u017cnie od tego, czy masz problem na trasie, na parkingu, czy w warsztacie, jeste\u015bmy gotowi Ci pom\u00f3c.<\/span><\/p>\n<\/li>\n<li>\n<p><span style=\"font-size: large;\"><strong>Szybko\u015b\u0107 i Skuteczno\u015b\u0107<\/strong><em>:<\/em> Nasza flota wyposa\u017cona jest w najnowszy sprz\u0119t i narz\u0119dzia, dzi\u0119ki czemu jeste\u015bmy w stanie rozwi\u0105za\u0107 wiele problem\u00f3w na miejscu. Naszym celem jest minimalizacja przestoj\u00f3w i jak najszybsze przywr\u00f3cenie Ci\u0119 do drogi.<\/span><\/p>\n<\/li>\n<li>\n<p><span style=\"font-size: large;\"><strong>Oryginalne Cz\u0119\u015bci Zamienne<\/strong><em>:<\/em> Korzystamy wy\u0142\u0105cznie z oryginalnych lub certyfikowanych cz\u0119\u015bci zamiennych, co zapewnia, \u017ce Twoja ci\u0119\u017car\u00f3wka b\u0119dzie dzia\u0142a\u0107 sprawnie i bezpiecznie.<\/span><\/p>\n<\/li>\n<\/ul>\n<p><span style=\"font-size: large;\"><strong>Nasze Us\u0142ugi:<\/strong><\/span><\/p>\n<ul>\n<li>\n<p><span style=\"font-size: large;\"><strong>Naprawy i Konserwacja<\/strong><em>:<\/em> Oferujemy szeroki zakres us\u0142ug naprawczych, w tym naprawy silnik\u00f3w, uk\u0142ad\u00f3w hamulcowych, zawieszenia, i wiele innych.<\/span><\/p>\n<\/li>\n<li>\n<p><span style=\"font-size: large;\"><strong>Przegl\u0105dy Techniczne<\/strong><em>:<\/em> Przeprowadzamy przegl\u0105dy techniczne, aby upewni\u0107 si\u0119, \u017ce Tw\u00f3j pojazd spe\u0142nia wszelkie normy i przepisy.<\/span><\/p>\n<\/li>\n<li>\n<p><span style=\"font-size: large;\"><strong>Diagnostyka Komputerowa<\/strong><em>:<\/em> Wykorzystujemy najnowsze narz\u0119dzia do diagnostyki komputerowej, aby szybko zidentyfikowa\u0107 i rozwi\u0105za\u0107 problemy techniczne.<\/span><\/p>\n<\/li>\n<\/ul>\n<p style=\"text-align: center;\">\n<p>[\/et_pb_text][\/et_pb_column][\/et_pb_row][et_pb_row _builder_version=&#8221;4.23&#8243; _module_preset=&#8221;default&#8221; background_color=&#8221;rgba(224,153,0,0.69)&#8221; box_shadow_style=&#8221;preset1&#8243; box_shadow_blur=&#8221;10px&#8221; box_shadow_color=&#8221;#000000&#8243; global_colors_info=&#8221;{}&#8221;][et_pb_column type=&#8221;4_4&#8243; _builder_version=&#8221;4.23&#8243; _module_preset=&#8221;default&#8221; global_colors_info=&#8221;{}&#8221;][et_pb_text _builder_version=&#8221;4.23&#8243; _module_preset=&#8221;default&#8221; global_colors_info=&#8221;{}&#8221;]<\/p>\n<p style=\"text-align: center;\"><span style=\"font-size: x-large;\">Nasi klienci s\u0105 dla nas najwa\u017cniejsi, dlatego jeste\u015bmy dost\u0119pni 24\/7, aby pom\u00f3c w nag\u0142ych przypadkach i awariach. <\/span><\/p>\n<p style=\"text-align: center;\"><strong><span style=\"font-size: x-large;\">Skontaktuj si\u0119 z nami pod numerem telefonu: <\/span><\/strong><\/p>\n<p style=\"text-align: center;\"><span style=\"font-size: x-large;\">[<span style=\"color: #000000;\"><a href=\"Tel:512920861\" style=\"color: #000000;\"><strong>Tel: 512 920 861<\/strong><\/a><\/span>] lub [<span style=\"color: #000000;\"><a href=\"Tel:797677399\" style=\"color: #000000;\"><strong>Tel: 797 677 399<\/strong><\/a><\/span>].<\/span><\/p>\n<p>[\/et_pb_text][\/et_pb_column][\/et_pb_row][\/et_pb_section]<\/p>\n","protected":false},"excerpt":{"rendered":"<p>MOBILNY SERWIS TIR Szwecja Norwegia Dania FinlandiaJeste\u015bmy profesjonaln\u0105 firm\u0105 specjalizuj\u0105c\u0105 si\u0119 w kompleksowych naprawach ci\u0119\u017car\u00f3wek na drodze. Nasza misja to zapewni\u0107 kierowcom i w\u0142a\u015bcicielom ci\u0119\u017car\u00f3wek niezawodne i wysoce profesjonalne us\u0142ugi serwisowe, kt\u00f3re pomog\u0105 utrzyma\u0107 ich pojazdy w doskona\u0142ym stanie technicznym, bez wzgl\u0119du na miejsce, w kt\u00f3rym ich potrzebujesz.Doje\u017cd\u017camy do awarii na terenie ca\u0142ej Europy &#8211; [&hellip;]<\/p>\n","protected":false},"author":1,"featured_media":0,"parent":0,"menu_order":0,"comment_status":"closed","ping_status":"closed","template":"","meta":{"_et_pb_use_builder":"on","_et_pb_old_content":"","_et_gb_content_width":"","footnotes":""},"class_list":["post-14","page","type-page","status-publish","hentry"],"yoast_head":"<!-- This site is optimized with the Yoast SEO plugin v27.4 - https:\/\/yoast.com\/product\/yoast-seo-wordpress\/ -->\n<title>MOBILNY SERWIS TIR Szwecja Norwegia Dania Finlandia<\/title>\n<meta name=\"robots\" content=\"index, follow, max-snippet:-1, max-image-preview:large, max-video-preview:-1\" \/>\n<link rel=\"canonical\" href=\"https:\/\/mobilny-serwis.eu\/\" \/>\n<meta property=\"og:locale\" content=\"pl_PL\" \/>\n<meta property=\"og:type\" content=\"article\" \/>\n<meta property=\"og:title\" content=\"MOBILNY SERWIS TIR Szwecja Norwegia Dania Finlandia\" \/>\n<meta property=\"og:description\" content=\"MOBILNY SERWIS TIR Szwecja Norwegia Dania FinlandiaJeste\u015bmy profesjonaln\u0105 firm\u0105 specjalizuj\u0105c\u0105 si\u0119 w kompleksowych naprawach ci\u0119\u017car\u00f3wek na drodze. Nasza misja to zapewni\u0107 kierowcom i w\u0142a\u015bcicielom ci\u0119\u017car\u00f3wek niezawodne i wysoce profesjonalne us\u0142ugi serwisowe, kt\u00f3re pomog\u0105 utrzyma\u0107 ich pojazdy w doskona\u0142ym stanie technicznym, bez wzgl\u0119du na miejsce, w kt\u00f3rym ich potrzebujesz.Doje\u017cd\u017camy do awarii na terenie ca\u0142ej Europy - [&hellip;]\" \/>\n<meta property=\"og:url\" content=\"https:\/\/mobilny-serwis.eu\/\" \/>\n<meta property=\"og:site_name\" content=\"Mobilny serwis\" \/>\n<meta property=\"article:modified_time\" content=\"2024-10-31T08:38:18+00:00\" \/>\n<meta name=\"twitter:card\" content=\"summary_large_image\" \/>\n<meta name=\"twitter:label1\" content=\"Szacowany czas czytania\" \/>\n\t<meta name=\"twitter:data1\" content=\"4 minuty\" \/>\n<script type=\"application\/ld+json\" class=\"yoast-schema-graph\">{\"@context\":\"https:\\\/\\\/schema.org\",\"@graph\":[{\"@type\":\"WebPage\",\"@id\":\"https:\\\/\\\/mobilny-serwis.eu\\\/\",\"url\":\"https:\\\/\\\/mobilny-serwis.eu\\\/\",\"name\":\"MOBILNY SERWIS TIR Szwecja Norwegia Dania Finlandia\",\"isPartOf\":{\"@id\":\"https:\\\/\\\/mobilny-serwis.eu\\\/#website\"},\"datePublished\":\"2023-10-26T09:02:54+00:00\",\"dateModified\":\"2024-10-31T08:38:18+00:00\",\"breadcrumb\":{\"@id\":\"https:\\\/\\\/mobilny-serwis.eu\\\/#breadcrumb\"},\"inLanguage\":\"pl-PL\",\"potentialAction\":[{\"@type\":\"ReadAction\",\"target\":[\"https:\\\/\\\/mobilny-serwis.eu\\\/\"]}]},{\"@type\":\"BreadcrumbList\",\"@id\":\"https:\\\/\\\/mobilny-serwis.eu\\\/#breadcrumb\",\"itemListElement\":[{\"@type\":\"ListItem\",\"position\":1,\"name\":\"Strona g\u0142\u00f3wna\",\"item\":\"https:\\\/\\\/mobilny-serwis.eu\\\/\"},{\"@type\":\"ListItem\",\"position\":2,\"name\":\"Strona g\u0142\u00f3wna\"}]},{\"@type\":\"WebSite\",\"@id\":\"https:\\\/\\\/mobilny-serwis.eu\\\/#website\",\"url\":\"https:\\\/\\\/mobilny-serwis.eu\\\/\",\"name\":\"Mobilny serwis\",\"description\":\"www\",\"potentialAction\":[{\"@type\":\"SearchAction\",\"target\":{\"@type\":\"EntryPoint\",\"urlTemplate\":\"https:\\\/\\\/mobilny-serwis.eu\\\/?s={search_term_string}\"},\"query-input\":{\"@type\":\"PropertyValueSpecification\",\"valueRequired\":true,\"valueName\":\"search_term_string\"}}],\"inLanguage\":\"pl-PL\"}]}<\/script>\n<!-- \/ Yoast SEO plugin. -->","yoast_head_json":{"title":"MOBILNY SERWIS TIR Szwecja Norwegia Dania Finlandia","robots":{"index":"index","follow":"follow","max-snippet":"max-snippet:-1","max-image-preview":"max-image-preview:large","max-video-preview":"max-video-preview:-1"},"canonical":"https:\/\/mobilny-serwis.eu\/","og_locale":"pl_PL","og_type":"article","og_title":"MOBILNY SERWIS TIR Szwecja Norwegia Dania Finlandia","og_description":"MOBILNY SERWIS TIR Szwecja Norwegia Dania FinlandiaJeste\u015bmy profesjonaln\u0105 firm\u0105 specjalizuj\u0105c\u0105 si\u0119 w kompleksowych naprawach ci\u0119\u017car\u00f3wek na drodze. Nasza misja to zapewni\u0107 kierowcom i w\u0142a\u015bcicielom ci\u0119\u017car\u00f3wek niezawodne i wysoce profesjonalne us\u0142ugi serwisowe, kt\u00f3re pomog\u0105 utrzyma\u0107 ich pojazdy w doskona\u0142ym stanie technicznym, bez wzgl\u0119du na miejsce, w kt\u00f3rym ich potrzebujesz.Doje\u017cd\u017camy do awarii na terenie ca\u0142ej Europy - [&hellip;]","og_url":"https:\/\/mobilny-serwis.eu\/","og_site_name":"Mobilny serwis","article_modified_time":"2024-10-31T08:38:18+00:00","twitter_card":"summary_large_image","twitter_misc":{"Szacowany czas czytania":"4 minuty"},"schema":{"@context":"https:\/\/schema.org","@graph":[{"@type":"WebPage","@id":"https:\/\/mobilny-serwis.eu\/","url":"https:\/\/mobilny-serwis.eu\/","name":"MOBILNY SERWIS TIR Szwecja Norwegia Dania Finlandia","isPartOf":{"@id":"https:\/\/mobilny-serwis.eu\/#website"},"datePublished":"2023-10-26T09:02:54+00:00","dateModified":"2024-10-31T08:38:18+00:00","breadcrumb":{"@id":"https:\/\/mobilny-serwis.eu\/#breadcrumb"},"inLanguage":"pl-PL","potentialAction":[{"@type":"ReadAction","target":["https:\/\/mobilny-serwis.eu\/"]}]},{"@type":"BreadcrumbList","@id":"https:\/\/mobilny-serwis.eu\/#breadcrumb","itemListElement":[{"@type":"ListItem","position":1,"name":"Strona g\u0142\u00f3wna","item":"https:\/\/mobilny-serwis.eu\/"},{"@type":"ListItem","position":2,"name":"Strona g\u0142\u00f3wna"}]},{"@type":"WebSite","@id":"https:\/\/mobilny-serwis.eu\/#website","url":"https:\/\/mobilny-serwis.eu\/","name":"Mobilny serwis","description":"www","potentialAction":[{"@type":"SearchAction","target":{"@type":"EntryPoint","urlTemplate":"https:\/\/mobilny-serwis.eu\/?s={search_term_string}"},"query-input":{"@type":"PropertyValueSpecification","valueRequired":true,"valueName":"search_term_string"}}],"inLanguage":"pl-PL"}]}},"_links":{"self":[{"href":"https:\/\/mobilny-serwis.eu\/index.php\/wp-json\/wp\/v2\/pages\/14","targetHints":{"allow":["GET"]}}],"collection":[{"href":"https:\/\/mobilny-serwis.eu\/index.php\/wp-json\/wp\/v2\/pages"}],"about":[{"href":"https:\/\/mobilny-serwis.eu\/index.php\/wp-json\/wp\/v2\/types\/page"}],"author":[{"embeddable":true,"href":"https:\/\/mobilny-serwis.eu\/index.php\/wp-json\/wp\/v2\/users\/1"}],"replies":[{"embeddable":true,"href":"https:\/\/mobilny-serwis.eu\/index.php\/wp-json\/wp\/v2\/comments?post=14"}],"version-history":[{"count":33,"href":"https:\/\/mobilny-serwis.eu\/index.php\/wp-json\/wp\/v2\/pages\/14\/revisions"}],"predecessor-version":[{"id":110,"href":"https:\/\/mobilny-serwis.eu\/index.php\/wp-json\/wp\/v2\/pages\/14\/revisions\/110"}],"wp:attachment":[{"href":"https:\/\/mobilny-serwis.eu\/index.php\/wp-json\/wp\/v2\/media?parent=14"}],"curies":[{"name":"wp","href":"https:\/\/api.w.org\/{rel}","templated":true}]}}